{"id":12,"date":"2020-02-14T16:26:15","date_gmt":"2020-02-14T16:26:15","guid":{"rendered":"http:\/\/mibaro.de\/?page_id=12"},"modified":"2020-03-24T14:09:16","modified_gmt":"2020-03-24T14:09:16","slug":"mein-preisrechner","status":"publish","type":"page","link":"https:\/\/boerde-transporte.de\/?page_id=12","title":{"rendered":"Rechner"},"content":{"rendered":"\t\t<div data-elementor-type=\"wp-page\" data-elementor-id=\"12\" class=\"elementor elementor-12\">\n\t\t\t\t\t\t<section class=\"elementor-section elementor-top-section elementor-element elementor-element-581d2eaa elementor-section-height-min-height elementor-section-boxed elementor-section-height-default elementor-section-items-middle elementor-invisible\" data-id=\"581d2eaa\" data-element_type=\"section\" data-settings=\"{&quot;animation&quot;:&quot;zoomIn&quot;}\">\n\t\t\t\t\t\t<div class=\"elementor-container elementor-column-gap-no\">\n\t\t\t\t\t<div class=\"elementor-column elementor-col-100 elementor-top-column elementor-element elementor-element-48930b24\" data-id=\"48930b24\" data-element_type=\"column\">\n\t\t\t<div class=\"elementor-widget-wrap elementor-element-populated\">\n\t\t\t\t\t\t<div class=\"elementor-element elementor-element-5cbf2574 elementor-star-rating--align-center elementor--star-style-star_fontawesome elementor-widget elementor-widget-star-rating\" data-id=\"5cbf2574\" data-element_type=\"widget\" data-widget_type=\"star-rating.default\">\n\t\t\t\t<div class=\"elementor-widget-container\">\n\t\t\t\t\t\n\t\t<div class=\"elementor-star-rating__wrapper\">\n\t\t\t\t\t\t<div class=\"elementor-star-rating\" title=\"5\/5\" itemtype=\"http:\/\/schema.org\/Rating\" itemscope=\"\" itemprop=\"reviewRating\"><i class=\"elementor-star-full\">&#xE934;<\/i><i class=\"elementor-star-full\">&#xE934;<\/i><i class=\"elementor-star-full\">&#xE934;<\/i><i class=\"elementor-star-full\">&#xE934;<\/i><i class=\"elementor-star-full\">&#xE934;<\/i> <span itemprop=\"ratingValue\" class=\"elementor-screen-only\">5\/5<\/span><\/div>\t\t<\/div>\n\t\t\t\t\t\t<\/div>\n\t\t\t\t<\/div>\n\t\t\t\t<div class=\"elementor-element elementor-element-264cc2a3 elementor-widget elementor-widget-heading\" data-id=\"264cc2a3\" data-element_type=\"widget\" data-widget_type=\"heading.default\">\n\t\t\t\t<div class=\"elementor-widget-container\">\n\t\t\t\t\t<h2 class=\"elementor-heading-title elementor-size-default\">B\u00f6rde Transporte Bringt's!<\/h2>\t\t\t\t<\/div>\n\t\t\t\t<\/div>\n\t\t\t\t\t<\/div>\n\t\t<\/div>\n\t\t\t\t\t<\/div>\n\t\t<\/section>\n\t\t\t\t<section class=\"elementor-section elementor-top-section elementor-element elementor-element-078654e elementor-section-boxed elementor-section-height-default elementor-section-height-default\" data-id=\"078654e\" data-element_type=\"section\">\n\t\t\t\t\t\t<div class=\"elementor-container elementor-column-gap-default\">\n\t\t\t\t\t<div class=\"elementor-column elementor-col-100 elementor-top-column elementor-element elementor-element-00fac39\" data-id=\"00fac39\" data-element_type=\"column\">\n\t\t\t<div class=\"elementor-widget-wrap elementor-element-populated\">\n\t\t\t\t\t\t<div class=\"elementor-element elementor-element-6ccb9aa elementor-widget elementor-widget-heading\" data-id=\"6ccb9aa\" data-element_type=\"widget\" data-widget_type=\"heading.default\">\n\t\t\t\t<div class=\"elementor-widget-container\">\n\t\t\t\t\t<h2 class=\"elementor-heading-title elementor-size-default\">Preisrechner<\/h2>\t\t\t\t<\/div>\n\t\t\t\t<\/div>\n\t\t\t\t<div class=\"elementor-element elementor-element-7be0328 elementor-widget elementor-widget-text-editor\" data-id=\"7be0328\" data-element_type=\"widget\" data-widget_type=\"text-editor.default\">\n\t\t\t\t<div class=\"elementor-widget-container\">\n\t\t\t\t\t\t\t\t\t<p>Hier k\u00f6nnen Sie den Nettopreis f\u00fcr Ihren Transport berechnen. Sollten Sie noch Fragen haben, kontaktieren Sie uns. Wir k\u00fcmmern uns gern um Ihr Anliegen.<\/p><p>\u00a0<\/p><p>Der Preisrechner erstellt ein unverbindliches Angebot. F\u00fcr einen konkreten Preis nach Ihren individuellen W\u00fcnschen und Bed\u00fcrfnissen machen wir Ihnen gerne ein entsprechendes Angebot. Fragen Sie doch <a href=\"http:\/\/boerde-transporte.de\/?page_id=145\">hier<\/a> gerne mal nach einem Rabatt.<\/p><p>\u00a0<\/p><p>Diese Preise sind nur f\u00fcr das Festland zzgl. Umstatzsteuer und Maut.<\/p>\t\t\t\t\t\t\t\t<\/div>\n\t\t\t\t<\/div>\n\t\t\t\t<div class=\"elementor-element elementor-element-5351c47 elementor-widget-divider--view-line elementor-widget elementor-widget-divider\" data-id=\"5351c47\" data-element_type=\"widget\" data-widget_type=\"divider.default\">\n\t\t\t\t<div class=\"elementor-widget-container\">\n\t\t\t\t\t\t\t<div class=\"elementor-divider\">\n\t\t\t<span class=\"elementor-divider-separator\">\n\t\t\t\t\t\t<\/span>\n\t\t<\/div>\n\t\t\t\t\t\t<\/div>\n\t\t\t\t<\/div>\n\t\t\t\t<div class=\"elementor-element elementor-element-cece69e elementor-widget elementor-widget-shortcode\" data-id=\"cece69e\" data-element_type=\"widget\" data-widget_type=\"shortcode.default\">\n\t\t\t\t<div class=\"elementor-widget-container\">\n\t\t\t\t\t\t\t<div class=\"elementor-shortcode\">\n<div id=\"map-container\">\n                <div class=\"\">\n                    <div class=\"row\">\n                        <div class=\" col-md-4\">\n                            <div class=\"form-group\">\n                        <span id=\"from_error\"><\/span>\n                                <label class=\"bmd-label-floating\" for=\"wo\">Von<\/label>\n                                <input type=\"text\" id=\"from\" name=\"from\" class=\"form-control\" placeholder=\"Bitte Startpunkt eingeben\" >\n                                <div id=\"wo-suggest\"><\/div>\n                            <\/div>\n                        <\/div>\n                        <div class=\"col-md-4\">\n                            <div class=\"form-group\">\n                        <span id=\"to_error\"><\/span>\n                                <label class=\"bmd-label-floating\" for=\"wo\">Bis<\/label>\n                                <input type=\"text\" id=\"to\" name=\"to\" class=\"form-control\" placeholder=\"Bitte Endpunkt eingeben\">\n                                <div id=\"wo-suggest\"><\/div>\n                            <\/div>\n                        <\/div>\n                            \n                        <div class=\"col-md-4 align-self-end\">\n                            <div class=\"form-group\">\n                                <input type=\"submit\" id=\"startCalculation\" value=\"Kosten kalkulieren\">\n                            <\/div>\n                        <\/div>\n                   \n                    \n                    <\/div>\n             \n            <div id=\"messageCalculation\"><\/div>\n                <div id=\"map\" style=\"width: 100%;height: 680px;\"><\/div>\n<\/div>   <\/div><\/div>\n\t\t\t\t\t\t<\/div>\n\t\t\t\t<\/div>\n\t\t\t\t\t<\/div>\n\t\t<\/div>\n\t\t\t\t\t<\/div>\n\t\t<\/section>\n\t\t\t\t<\/div>\n\t\t","protected":false},"excerpt":{"rendered":"<p>&#xE934;&#xE934;&#xE934;&#xE934;&#xE934; 5\/5 B\u00f6rde Transporte Bringt&#8217;s! Preisrechner Hier k\u00f6nnen Sie den Nettopreis f\u00fcr Ihren Transport berechnen. Sollten Sie noch Fragen haben, kontaktieren Sie uns. Wir k\u00fcmmern uns gern um Ihr Anliegen. \u00a0 Der Preisrechner erstellt ein unverbindliches Angebot. F\u00fcr einen konkreten Preis nach Ihren individuellen W\u00fcnschen und Bed\u00fcrfnissen machen wir Ihnen gerne ein entsprechendes Angebot. Fragen Sie doch hier gerne mal nach einem Rabatt. \u00a0 Diese Preise sind nur f\u00fcr das Festland zzgl. Umstatzsteuer und Maut.<\/p>\n","protected":false},"author":1,"featured_media":0,"parent":0,"menu_order":0,"comment_status":"closed","ping_status":"closed","template":"","meta":{"footnotes":""},"_links":{"self":[{"href":"https:\/\/boerde-transporte.de\/index.php?rest_route=\/wp\/v2\/pages\/12"}],"collection":[{"href":"https:\/\/boerde-transporte.de\/index.php?rest_route=\/wp\/v2\/pages"}],"about":[{"href":"https:\/\/boerde-transporte.de\/index.php?rest_route=\/wp\/v2\/types\/page"}],"author":[{"embeddable":true,"href":"https:\/\/boerde-transporte.de\/index.php?rest_route=\/wp\/v2\/users\/1"}],"replies":[{"embeddable":true,"href":"https:\/\/boerde-transporte.de\/index.php?rest_route=%2Fwp%2Fv2%2Fcomments&post=12"}],"version-history":[{"count":84,"href":"https:\/\/boerde-transporte.de\/index.php?rest_route=\/wp\/v2\/pages\/12\/revisions"}],"predecessor-version":[{"id":461,"href":"https:\/\/boerde-transporte.de\/index.php?rest_route=\/wp\/v2\/pages\/12\/revisions\/461"}],"wp:attachment":[{"href":"https:\/\/boerde-transporte.de\/index.php?rest_route=%2Fwp%2Fv2%2Fmedia&parent=12"}],"curies":[{"name":"wp","href":"https:\/\/api.w.org\/{rel}","templated":true}]}}